{"id":152,"date":"2025-11-17T14:12:28","date_gmt":"2025-11-17T14:12:28","guid":{"rendered":"https:\/\/amapbiorillac.com\/?page_id=152"},"modified":"2025-11-17T14:12:28","modified_gmt":"2025-11-17T14:12:28","slug":"lostal-del-telh-cest-quoi","status":"publish","type":"page","link":"https:\/\/amapbiorillac.com\/index.php\/lostal-del-telh-cest-quoi\/","title":{"rendered":"L&#8217;Ostal del Telh, c&#8217;est quoi ?"},"content":{"rendered":"<p><img decoding=\"async\" class=\"size-medium wp-image-160 aligncenter\" src=\"https:\/\/amapbiorillac.com\/wp-content\/uploads\/2025\/11\/362281092-303741428708307-3525151461395243036-n-300x142.jpg\" alt=\"\" width=\"300\" height=\"142\" srcset=\"https:\/\/amapbiorillac.com\/wp-content\/uploads\/2025\/11\/362281092-303741428708307-3525151461395243036-n-300x142.jpg 300w, https:\/\/amapbiorillac.com\/wp-content\/uploads\/2025\/11\/362281092-303741428708307-3525151461395243036-n-1024x485.jpg 1024w, https:\/\/amapbiorillac.com\/wp-content\/uploads\/2025\/11\/362281092-303741428708307-3525151461395243036-n-768x363.jpg 768w, https:\/\/amapbiorillac.com\/wp-content\/uploads\/2025\/11\/362281092-303741428708307-3525151461395243036-n.jpg 1080w\" sizes=\"(max-width: 300px) 100vw, 300px\" \/><\/p>\n<p>Situ\u00e9 1 rue Jean Moulin \u00e0 Aurillac, sur le parc de la fraternit\u00e9, l&#8217;Ostal del Telh est visible depuis la route !<\/p>\n<p><img fetchpriority=\"high\" decoding=\"async\" class=\"alignnone size-medium wp-image-161\" src=\"https:\/\/amapbiorillac.com\/wp-content\/uploads\/2025\/11\/201800296_176439151158117_8998733129322485392_n-300x300.jpg\" alt=\"\" width=\"300\" height=\"300\" srcset=\"https:\/\/amapbiorillac.com\/wp-content\/uploads\/2025\/11\/201800296_176439151158117_8998733129322485392_n-300x300.jpg 300w, https:\/\/amapbiorillac.com\/wp-content\/uploads\/2025\/11\/201800296_176439151158117_8998733129322485392_n-1024x1024.jpg 1024w, https:\/\/amapbiorillac.com\/wp-content\/uploads\/2025\/11\/201800296_176439151158117_8998733129322485392_n-150x150.jpg 150w, https:\/\/amapbiorillac.com\/wp-content\/uploads\/2025\/11\/201800296_176439151158117_8998733129322485392_n-768x768.jpg 768w, https:\/\/amapbiorillac.com\/wp-content\/uploads\/2025\/11\/201800296_176439151158117_8998733129322485392_n-1536x1536.jpg 1536w, https:\/\/amapbiorillac.com\/wp-content\/uploads\/2025\/11\/201800296_176439151158117_8998733129322485392_n.jpg 2048w\" sizes=\"(max-width: 300px) 100vw, 300px\" \/><\/p>\n<div class=\"et_pb_row et_pb_row_0\">\n<div class=\"et_pb_column et_pb_column_4_4 et_pb_column_0  et_pb_css_mix_blend_mode_passthrough et-last-child\">\n<div class=\"et_pb_module et_pb_text et_pb_text_0  et_pb_text_align_left et_pb_bg_layout_light\">\n<div class=\"et_pb_text_inner\">\n<p><strong>R\u00e9habilit\u00e9 en 2018 par la ville d\u2019Aurillac, l\u2019Ostal del Telh, situ\u00e9 au parc de la Fraternit\u00e9, abrite une dizaine d\u2019associations et d\u2019organismes occitans rassembl\u00e9s au sein de l\u2019Association de Coordination et d\u2019\u00c9changes Occitans du Cantal (ACEOC).<\/strong><\/p>\n<\/div>\n<\/div>\n<\/div>\n<\/div>\n<div class=\"et_pb_row et_pb_row_1\">\n<div class=\"et_pb_column et_pb_column_3_5 et_pb_column_1  et_pb_css_mix_blend_mode_passthrough\">\n<div class=\"et_pb_module et_pb_text et_pb_text_1  et_pb_text_align_left et_pb_bg_layout_light\">\n<div class=\"et_pb_text_inner\">\n<p>L\u2019Ostal del Telh se compose d\u2019une librairie occitane multim\u00e9dia, d\u2019une salle de r\u00e9union enti\u00e8rement \u00e9quip\u00e9e, d\u2019un lieu de r\u00e9p\u00e9titions et de spectacles pour de petites formes artistiques, d\u2019une m\u00e9diath\u00e8que physique et num\u00e9rique, d\u2019un centre de formation professionnelle et de bureaux associatifs.<\/p>\n<p>Ce site, qui accueille des cours de langue ou de cuisine, des animations et des expositions, propose \u00e9galement un cadre de travail id\u00e9al pour des personnes et organismes qui \u0153uvrent au d\u00e9veloppement de la culture occitane et une possibilit\u00e9 de travail collaboratif et de conseil de consultants.<\/p>\n<p>Ces lieux et services sont accessibles par une simple adh\u00e9sion \u00e0 l\u2019ACEOC.<br \/>\nLa culture occitane est intimement li\u00e9e \u00e0 des pratiques culturelles et artistiques constitutives de nos territoires : chant, conte, musique, danse, litt\u00e9rature\u2026<\/p>\n<p>L\u2019un des principaux objectifs de l\u2019Ostal del Telh est la mise en avant de ces pratiques \u00e0 travers des rencontres entre le public et les acteurs de cette culture dans un esprit de partage et d\u2019ouverture.<\/p>\n<p>La dimension interg\u00e9n\u00e9rationnelle est naturellement pr\u00e9sente et remet au go\u00fbt du jour le patrimoine oral de nos territoires dans une d\u00e9marche moderne et grand public, afin de tisser des liens forts entre jeunes et anciens.<\/p>\n<p>Ainsi, L\u2019Ostal del Telh propose une saison culturelle La sason del Telh, dont le programme est disponible sur le site <a href=\"https:\/\/www.ostaldeltelh.org\/\">www.ostaldeltelh.org<\/a>,<\/p>\n<\/div>\n<\/div>\n<\/div>\n<\/div>\n","protected":false},"excerpt":{"rendered":"<p>Situ\u00e9 1 rue Jean Moulin \u00e0 Aurillac, sur le parc de la fraternit\u00e9, l&#8217;Ostal del Telh est visible depuis la route ! R\u00e9habilit\u00e9 en 2018 par la ville d\u2019Aurillac, l\u2019Ostal del Telh, situ\u00e9 au parc de la Fraternit\u00e9, abrite une dizaine d\u2019associations et d\u2019organismes occitans rassembl\u00e9s au sein de l\u2019Association de Coordination et d\u2019\u00c9changes Occitans [&hellip;]<\/p>\n","protected":false},"author":1,"featured_media":0,"parent":0,"menu_order":0,"comment_status":"closed","ping_status":"closed","template":"","meta":{"footnotes":""},"class_list":["post-152","page","type-page","status-publish","hentry"],"_links":{"self":[{"href":"https:\/\/amapbiorillac.com\/index.php\/wp-json\/wp\/v2\/pages\/152","targetHints":{"allow":["GET"]}}],"collection":[{"href":"https:\/\/amapbiorillac.com\/index.php\/wp-json\/wp\/v2\/pages"}],"about":[{"href":"https:\/\/amapbiorillac.com\/index.php\/wp-json\/wp\/v2\/types\/page"}],"author":[{"embeddable":true,"href":"https:\/\/amapbiorillac.com\/index.php\/wp-json\/wp\/v2\/users\/1"}],"replies":[{"embeddable":true,"href":"https:\/\/amapbiorillac.com\/index.php\/wp-json\/wp\/v2\/comments?post=152"}],"version-history":[{"count":1,"href":"https:\/\/amapbiorillac.com\/index.php\/wp-json\/wp\/v2\/pages\/152\/revisions"}],"predecessor-version":[{"id":162,"href":"https:\/\/amapbiorillac.com\/index.php\/wp-json\/wp\/v2\/pages\/152\/revisions\/162"}],"wp:attachment":[{"href":"https:\/\/amapbiorillac.com\/index.php\/wp-json\/wp\/v2\/media?parent=152"}],"curies":[{"name":"wp","href":"https:\/\/api.w.org\/{rel}","templated":true}]}}