{"id":201,"date":"2026-01-13T09:15:14","date_gmt":"2026-01-13T09:15:14","guid":{"rendered":"https:\/\/amapbiorillac.com\/?page_id=201"},"modified":"2026-02-02T10:26:54","modified_gmt":"2026-02-02T10:26:54","slug":"la-ferme-du-bousquin","status":"publish","type":"page","link":"https:\/\/amapbiorillac.com\/index.php\/la-ferme-du-bousquin\/","title":{"rendered":"la ferme du Bousquin"},"content":{"rendered":"\t\t<div data-elementor-type=\"wp-page\" data-elementor-id=\"201\" class=\"elementor elementor-201\">\n\t\t\t\t<div class=\"elementor-element elementor-element-e53611e e-flex e-con-boxed e-con e-parent\" data-id=\"e53611e\" data-element_type=\"container\" data-e-type=\"container\">\n\t\t\t\t\t<div class=\"e-con-inner\">\n\t\t\t\t<div class=\"elementor-element elementor-element-e004666 elementor-widget__width-initial elementor-widget elementor-widget-image\" data-id=\"e004666\" data-element_type=\"widget\" data-e-type=\"widget\" data-widget_type=\"image.default\">\n\t\t\t\t\t\t\t\t\t\t\t\t\t\t\t<img decoding=\"async\" width=\"150\" height=\"150\" src=\"https:\/\/amapbiorillac.com\/wp-content\/uploads\/2026\/02\/etiquette-certification-bio-150x150.jpg\" class=\"attachment-thumbnail size-thumbnail wp-image-232\" alt=\"\" \/>\t\t\t\t\t\t\t\t\t\t\t\t\t\t\t<\/div>\n\t\t\t\t\t<\/div>\n\t\t\t\t<\/div>\n\t\t<div class=\"elementor-element elementor-element-23c509c8 e-flex e-con-boxed e-con e-parent\" data-id=\"23c509c8\" data-element_type=\"container\" data-e-type=\"container\">\n\t\t\t\t\t<div class=\"e-con-inner\">\n\t\t\t\t<div class=\"elementor-element elementor-element-127bcce elementor-widget elementor-widget-text-editor\" data-id=\"127bcce\" data-element_type=\"widget\" data-e-type=\"widget\" data-widget_type=\"text-editor.default\">\n\t\t\t\t\t\t\t\t\t<div>Jessica et Ga\u00ebl Pansard vous accueillent sur leur ferme en <strong>Agriculture Biologique<\/strong> qu&#8217;ils ont repris <strong>en 2023<\/strong> \u00e0 la suite du passage en retraite du p\u00e8re de Jessica.<br \/>Nous \u00e9levons <strong>un petit troupeau<\/strong> d&#8217;une vingtaine de vaches de <strong>race limousine<\/strong> conduites <strong>10 mois<\/strong> de l&#8217;ann\u00e9e au <strong>p\u00e2turage,<\/strong> nourries au<strong> foin de la ferme l&#8217;hiver<\/strong> et compl\u00e9ment\u00e9es avec les c\u00e9r\u00e9ales de la ferme. <strong>Nous cultivons<\/strong> de l&#8217;<strong>orge<\/strong> et du <strong>colza<\/strong> que nous transformons en <strong>tourteau<\/strong> pour les animaux et en <strong>huile de colza<\/strong> alimentaire.<\/div><div>\u00a0<\/div><div><u>Les produits propos\u00e9s \u00e0 l&#8217;<span class=\"il\">AMAP<\/span>:<\/u><\/div><div>&#8211; La <strong>viande de b\u0153uf<\/strong>\u00a0et <strong>veau<\/strong> est<strong> pr\u00e9par\u00e9e<\/strong> et <strong>mise sous vide<\/strong>\u00a0par <strong>SAS La Viande Bio<\/strong> situ\u00e9\u00a0\u00e0 la <strong>Sabli\u00e8re<\/strong> \u00e0 <strong>Aurillac<\/strong>. Elle est propos\u00e9e au <strong>d\u00e9tail ou en colis<\/strong> de 5 kg. Les pi\u00e8ces ont une <strong>DLC de 12 jours<\/strong> (sauf pour les hach\u00e9s et les abats o\u00f9 elle est de 10 jours) \u00e0 partir de la livraison.<\/div><div>Quelques exemples de produits et de leurs prix :<\/div><div><strong>Escalopes de veau<\/strong> (2 X 150g) : 7.50 \u20ac &#8211; <strong>R\u00f4ti\u00a0de veau<\/strong> (500g) : 11.75\u20ac &#8211; <strong>Blanquette de veau<\/strong> (sachet de 500g) : 8 \u20ac<\/div><div>&#8211; Les bocaux de <strong>plats pr\u00e9par\u00e9s<\/strong> sont produits \u00e0 partir de la <strong>viande de la ferme<\/strong> et des <strong>ingr\u00e9dients locaux<\/strong> dans la mesure du possible et commercialis\u00e9s par l&#8217;Arbre \u00e0 Pain. Ils sont confectionn\u00e9s par <strong>nous-m\u00eames<\/strong> au Labo Viande de l&#8217;ENILV d&#8217;Aurillac. <strong>Plusieurs recettes<\/strong> sont <strong>disponibles<\/strong> et varient au cours de l&#8217;ann\u00e9e. <strong>La DDM<\/strong> de ces produits est fix\u00e9e \u00e0 <strong>2 ans<\/strong> apr\u00e8s st\u00e9rilisation et sertissage. Les prix vont de 8\u20ac\u00a0 \u00e0 11.20 \u20ac le bocal de 450 mL (~350 g) <strong>en fonction de la recette<\/strong>.<\/div><div>&#8211; <strong>L&#8217;huile de colza<\/strong> est quant \u00e0 elle <strong>produite sur place<\/strong> \u00e0 la ferme dans un petit atelier.<\/div><div>\u00a0<\/div><div><p><strong>Le colza<\/strong> est <strong>cultiv\u00e9<\/strong>, <strong>r\u00e9colt\u00e9<\/strong> \u00e0 la<strong> ferme<\/strong>. La graine est en suite tri\u00e9e au tamis puis <strong>press\u00e9e \u00e0 froid<\/strong> avec une <strong>presse \u00e0 faible d\u00e9bit<\/strong> (1L\/heure). L&#8217;huile est en suite mise \u00e0 d\u00e9canter pendant 3 semaines <strong>minimum<\/strong> dans les r\u00e9cipients en verre puis embouteill\u00e9e. La <strong>DDM<\/strong> (Date de Durabilit\u00e9 Minimal) est fix\u00e9 \u00e0 <strong>6 mois<\/strong>, mais elle peut \u00eatre <strong>doubl\u00e9e<\/strong> si la bouteille est conserv\u00e9e dans les <strong>conditions ad\u00e9quates<\/strong> (au frais, \u00e0 l&#8217;abri de la lumi\u00e8re). La bouteille de 50 cl est \u00e0 6\u20ac<strong>La fr\u00e9quence de venue est bimensuelle (voire trimensuelle) avec syst\u00e9matiquement de la viande en frais de veau ou de b\u0153uf (sauf janvier, juillet et ao\u00fbt).<\/strong><\/p><\/div><div>\u00a0<\/div><div>\u00a0<\/div>\t\t\t\t\t\t\t\t<\/div>\n\t\t\t\t\t<\/div>\n\t\t\t\t<\/div>\n\t\t<div class=\"elementor-element elementor-element-e6ace8b e-grid e-con-boxed e-con e-parent\" data-id=\"e6ace8b\" data-element_type=\"container\" data-e-type=\"container\">\n\t\t\t\t\t<div class=\"e-con-inner\">\n\t\t\t\t<div class=\"elementor-element elementor-element-251cdc8 elementor-widget elementor-widget-image\" data-id=\"251cdc8\" data-element_type=\"widget\" data-e-type=\"widget\" data-widget_type=\"image.default\">\n\t\t\t\t\t\t\t\t\t\t\t\t\t\t\t<img fetchpriority=\"high\" decoding=\"async\" width=\"640\" height=\"480\" src=\"https:\/\/amapbiorillac.com\/wp-content\/uploads\/2026\/02\/mlouyt-1024x768.jpg\" class=\"attachment-large size-large wp-image-234\" alt=\"\" srcset=\"https:\/\/amapbiorillac.com\/wp-content\/uploads\/2026\/02\/mlouyt-1024x768.jpg 1024w, https:\/\/amapbiorillac.com\/wp-content\/uploads\/2026\/02\/mlouyt-300x225.jpg 300w, https:\/\/amapbiorillac.com\/wp-content\/uploads\/2026\/02\/mlouyt-768x576.jpg 768w, https:\/\/amapbiorillac.com\/wp-content\/uploads\/2026\/02\/mlouyt.jpg 1215w\" sizes=\"(max-width: 640px) 100vw, 640px\" \/>\t\t\t\t\t\t\t\t\t\t\t\t\t\t\t<\/div>\n\t\t\t\t<div class=\"elementor-element elementor-element-c014328 elementor-widget elementor-widget-image\" data-id=\"c014328\" data-element_type=\"widget\" data-e-type=\"widget\" data-widget_type=\"image.default\">\n\t\t\t\t\t\t\t\t\t\t\t\t\t\t\t<img decoding=\"async\" width=\"640\" height=\"854\" src=\"https:\/\/amapbiorillac.com\/wp-content\/uploads\/2026\/02\/0mlouytr.jpg\" class=\"attachment-large size-large wp-image-229\" alt=\"\" srcset=\"https:\/\/amapbiorillac.com\/wp-content\/uploads\/2026\/02\/0mlouytr.jpg 683w, https:\/\/amapbiorillac.com\/wp-content\/uploads\/2026\/02\/0mlouytr-225x300.jpg 225w\" sizes=\"(max-width: 640px) 100vw, 640px\" \/>\t\t\t\t\t\t\t\t\t\t\t\t\t\t\t<\/div>\n\t\t\t\t<div class=\"elementor-element elementor-element-f8c55d2 elementor-widget elementor-widget-image\" data-id=\"f8c55d2\" data-element_type=\"widget\" data-e-type=\"widget\" data-widget_type=\"image.default\">\n\t\t\t\t\t\t\t\t\t\t\t\t\t\t\t<img loading=\"lazy\" decoding=\"async\" width=\"640\" height=\"486\" src=\"https:\/\/amapbiorillac.com\/wp-content\/uploads\/2026\/02\/daube_prov.jpg\" class=\"attachment-large size-large wp-image-231\" alt=\"\" srcset=\"https:\/\/amapbiorillac.com\/wp-content\/uploads\/2026\/02\/daube_prov.jpg 750w, https:\/\/amapbiorillac.com\/wp-content\/uploads\/2026\/02\/daube_prov-300x228.jpg 300w\" sizes=\"(max-width: 640px) 100vw, 640px\" \/>\t\t\t\t\t\t\t\t\t\t\t\t\t\t\t<\/div>\n\t\t\t\t\t<\/div>\n\t\t\t\t<\/div>\n\t\t\t\t<\/div>\n\t\t","protected":false},"excerpt":{"rendered":"<p>Jessica et Ga\u00ebl Pansard vous accueillent sur leur ferme en Agriculture Biologique qu&#8217;ils ont repris en 2023 \u00e0 la suite du passage en retraite du p\u00e8re de Jessica.Nous \u00e9levons un petit troupeau d&#8217;une vingtaine de vaches de race limousine conduites 10 mois de l&#8217;ann\u00e9e au p\u00e2turage, nourries au foin de la ferme l&#8217;hiver et compl\u00e9ment\u00e9es [&hellip;]<\/p>\n","protected":false},"author":1,"featured_media":0,"parent":0,"menu_order":0,"comment_status":"closed","ping_status":"closed","template":"","meta":{"footnotes":""},"class_list":["post-201","page","type-page","status-publish","hentry"],"_links":{"self":[{"href":"https:\/\/amapbiorillac.com\/index.php\/wp-json\/wp\/v2\/pages\/201","targetHints":{"allow":["GET"]}}],"collection":[{"href":"https:\/\/amapbiorillac.com\/index.php\/wp-json\/wp\/v2\/pages"}],"about":[{"href":"https:\/\/amapbiorillac.com\/index.php\/wp-json\/wp\/v2\/types\/page"}],"author":[{"embeddable":true,"href":"https:\/\/amapbiorillac.com\/index.php\/wp-json\/wp\/v2\/users\/1"}],"replies":[{"embeddable":true,"href":"https:\/\/amapbiorillac.com\/index.php\/wp-json\/wp\/v2\/comments?post=201"}],"version-history":[{"count":7,"href":"https:\/\/amapbiorillac.com\/index.php\/wp-json\/wp\/v2\/pages\/201\/revisions"}],"predecessor-version":[{"id":241,"href":"https:\/\/amapbiorillac.com\/index.php\/wp-json\/wp\/v2\/pages\/201\/revisions\/241"}],"wp:attachment":[{"href":"https:\/\/amapbiorillac.com\/index.php\/wp-json\/wp\/v2\/media?parent=201"}],"curies":[{"name":"wp","href":"https:\/\/api.w.org\/{rel}","templated":true}]}}