{"id":202,"date":"2026-01-13T08:20:22","date_gmt":"2026-01-13T08:20:22","guid":{"rendered":"https:\/\/amapbiorillac.com\/?page_id=202"},"modified":"2026-02-02T10:44:50","modified_gmt":"2026-02-02T10:44:50","slug":"la-ferme-de-martory","status":"publish","type":"page","link":"https:\/\/amapbiorillac.com\/index.php\/la-ferme-de-martory\/","title":{"rendered":"La ferme de Martory"},"content":{"rendered":"\t\t<div data-elementor-type=\"wp-page\" data-elementor-id=\"202\" class=\"elementor elementor-202\">\n\t\t\t\t<div class=\"elementor-element elementor-element-8aa32e7 e-flex e-con-boxed e-con e-parent\" data-id=\"8aa32e7\" data-element_type=\"container\" data-e-type=\"container\">\n\t\t\t\t\t<div class=\"e-con-inner\">\n\t\t\t\t<div class=\"elementor-element elementor-element-fd1f4f1 elementor-widget elementor-widget-text-editor\" data-id=\"fd1f4f1\" data-element_type=\"widget\" data-e-type=\"widget\" data-widget_type=\"text-editor.default\">\n\t\t\t\t\t\t\t\t\t<p><span dir=\"auto\" style=\"vertical-align: inherit;\"><span dir=\"auto\" style=\"vertical-align: inherit;\">La ferme surplombe une petite vall\u00e9e et offre un paysage tr\u00e8s agr\u00e9able et ouvert. <\/span><\/span><br \/><span dir=\"auto\" style=\"vertical-align: inherit;\"><span dir=\"auto\" style=\"vertical-align: inherit;\">Elle est en agriculture biologique depuis 1998. <\/span><\/span><br \/><span dir=\"auto\" style=\"vertical-align: inherit;\"><span dir=\"auto\" style=\"vertical-align: inherit;\">Nous avons des vaches limousines, des volailles, des cochons, des lapins, un jument de trait, des chats, des chiens. <\/span><\/span><br \/><span dir=\"auto\" style=\"vertical-align: inherit;\"><span dir=\"auto\" style=\"vertical-align: inherit;\">Un verger conservatoire de pommiers; sur la fabrique du jus de pommes, du cidre et du vinaigre de cidre. <\/span><\/span><br \/><span dir=\"auto\" style=\"vertical-align: inherit;\"><span dir=\"auto\" style=\"vertical-align: inherit;\">On y \u00e9l\u00e8ve \u00e9galement nos volailles et notre jument nous sert de tondeuse! <\/span><\/span><br \/><span dir=\"auto\" style=\"vertical-align: inherit;\"><span dir=\"auto\" style=\"vertical-align: inherit;\">On cultive aussi des c\u00e9r\u00e9ales pour nourrir nos animaux et pour faire de la farine de bl\u00e9.<\/span><\/span><\/p>\t\t\t\t\t\t\t\t<\/div>\n\t\t\t\t\t<\/div>\n\t\t\t\t<\/div>\n\t\t<div class=\"elementor-element elementor-element-ba55d19 e-grid e-con-boxed e-con e-parent\" data-id=\"ba55d19\" data-element_type=\"container\" data-e-type=\"container\">\n\t\t\t\t\t<div class=\"e-con-inner\">\n\t\t\t\t<div class=\"elementor-element elementor-element-e941b75 elementor-widget elementor-widget-image\" data-id=\"e941b75\" data-element_type=\"widget\" data-e-type=\"widget\" data-widget_type=\"image.default\">\n\t\t\t\t\t\t\t\t\t\t\t\t\t\t\t<img fetchpriority=\"high\" decoding=\"async\" width=\"640\" height=\"480\" src=\"https:\/\/amapbiorillac.com\/wp-content\/uploads\/2026\/02\/IMG_20251105_112559-1024x768.jpg\" class=\"attachment-large size-large wp-image-244\" alt=\"\" srcset=\"https:\/\/amapbiorillac.com\/wp-content\/uploads\/2026\/02\/IMG_20251105_112559-1024x768.jpg 1024w, https:\/\/amapbiorillac.com\/wp-content\/uploads\/2026\/02\/IMG_20251105_112559-300x225.jpg 300w, https:\/\/amapbiorillac.com\/wp-content\/uploads\/2026\/02\/IMG_20251105_112559-768x576.jpg 768w, https:\/\/amapbiorillac.com\/wp-content\/uploads\/2026\/02\/IMG_20251105_112559-1536x1152.jpg 1536w, https:\/\/amapbiorillac.com\/wp-content\/uploads\/2026\/02\/IMG_20251105_112559-2048x1536.jpg 2048w\" sizes=\"(max-width: 640px) 100vw, 640px\" \/>\t\t\t\t\t\t\t\t\t\t\t\t\t\t\t<\/div>\n\t\t\t\t<div class=\"elementor-element elementor-element-6e9384f elementor-widget elementor-widget-image\" data-id=\"6e9384f\" data-element_type=\"widget\" data-e-type=\"widget\" data-widget_type=\"image.default\">\n\t\t\t\t\t\t\t\t\t\t\t\t\t\t\t<img decoding=\"async\" width=\"640\" height=\"480\" src=\"https:\/\/amapbiorillac.com\/wp-content\/uploads\/2026\/02\/IMG_20251105_094734-1024x768.jpg\" class=\"attachment-large size-large wp-image-242\" alt=\"\" srcset=\"https:\/\/amapbiorillac.com\/wp-content\/uploads\/2026\/02\/IMG_20251105_094734-1024x768.jpg 1024w, https:\/\/amapbiorillac.com\/wp-content\/uploads\/2026\/02\/IMG_20251105_094734-300x225.jpg 300w, https:\/\/amapbiorillac.com\/wp-content\/uploads\/2026\/02\/IMG_20251105_094734-768x576.jpg 768w, https:\/\/amapbiorillac.com\/wp-content\/uploads\/2026\/02\/IMG_20251105_094734-1536x1152.jpg 1536w, https:\/\/amapbiorillac.com\/wp-content\/uploads\/2026\/02\/IMG_20251105_094734-2048x1536.jpg 2048w\" sizes=\"(max-width: 640px) 100vw, 640px\" \/>\t\t\t\t\t\t\t\t\t\t\t\t\t\t\t<\/div>\n\t\t\t\t<div class=\"elementor-element elementor-element-ae485f8 elementor-widget elementor-widget-image\" data-id=\"ae485f8\" data-element_type=\"widget\" data-e-type=\"widget\" data-widget_type=\"image.default\">\n\t\t\t\t\t\t\t\t\t\t\t\t\t\t\t<img decoding=\"async\" width=\"640\" height=\"480\" src=\"https:\/\/amapbiorillac.com\/wp-content\/uploads\/2026\/02\/IMG_20251105_111521-1024x768.jpg\" class=\"attachment-large size-large wp-image-245\" alt=\"\" srcset=\"https:\/\/amapbiorillac.com\/wp-content\/uploads\/2026\/02\/IMG_20251105_111521-1024x768.jpg 1024w, https:\/\/amapbiorillac.com\/wp-content\/uploads\/2026\/02\/IMG_20251105_111521-300x225.jpg 300w, https:\/\/amapbiorillac.com\/wp-content\/uploads\/2026\/02\/IMG_20251105_111521-768x576.jpg 768w, https:\/\/amapbiorillac.com\/wp-content\/uploads\/2026\/02\/IMG_20251105_111521-1536x1152.jpg 1536w, https:\/\/amapbiorillac.com\/wp-content\/uploads\/2026\/02\/IMG_20251105_111521-2048x1536.jpg 2048w\" sizes=\"(max-width: 640px) 100vw, 640px\" \/>\t\t\t\t\t\t\t\t\t\t\t\t\t\t\t<\/div>\n\t\t\t\t<div class=\"elementor-element elementor-element-422bcf3 elementor-widget elementor-widget-text-editor\" data-id=\"422bcf3\" data-element_type=\"widget\" data-e-type=\"widget\" data-widget_type=\"text-editor.default\">\n\t\t\t\t\t\t\t\t\t<div>Ferme de Martory<br \/>Chambres d&#8217;H\u00f4tes et G\u00eetes<br \/>15600 LEYNHAC<br \/>Email :\u00a0<a href=\"mailto:info@ferme-de-martory.com\" target=\"_blank\" rel=\"noopener noreferrer noreferrer noreferrer\"><span class=\"il\">info@ferme-de-martory.com<\/span><\/a><br \/>site :\u00a0<a href=\"http:\/\/www.ferme-de-martory.com\/\" target=\"_blank\" rel=\"noopener noreferrer noreferrer noreferrer\" data-saferedirecturl=\"https:\/\/www.google.com\/url?q=http:\/\/www.ferme-de-martory.com&amp;source=gmail&amp;ust=1770114447161000&amp;usg=AOvVaw1JDjw-azTWZ1wT7H_2cnhL\">http:\/\/www.ferme-de-martory.<wbr \/>com<\/a>\u00a0<br \/>T\u00e9l : 04 71 43 61 86<\/div><div>Portable : 06.88.58.17.13<\/div>\t\t\t\t\t\t\t\t<\/div>\n\t\t\t\t\t<\/div>\n\t\t\t\t<\/div>\n\t\t\t\t<\/div>\n\t\t","protected":false},"excerpt":{"rendered":"<p>La ferme surplombe une petite vall\u00e9e et offre un paysage tr\u00e8s agr\u00e9able et ouvert. Elle est en agriculture biologique depuis 1998. Nous avons des vaches limousines, des volailles, des cochons, des lapins, un jument de trait, des chats, des chiens. Un verger conservatoire de pommiers; sur la fabrique du jus de pommes, du cidre et [&hellip;]<\/p>\n","protected":false},"author":1,"featured_media":0,"parent":0,"menu_order":0,"comment_status":"closed","ping_status":"closed","template":"","meta":{"footnotes":""},"class_list":["post-202","page","type-page","status-publish","hentry"],"_links":{"self":[{"href":"https:\/\/amapbiorillac.com\/index.php\/wp-json\/wp\/v2\/pages\/202","targetHints":{"allow":["GET"]}}],"collection":[{"href":"https:\/\/amapbiorillac.com\/index.php\/wp-json\/wp\/v2\/pages"}],"about":[{"href":"https:\/\/amapbiorillac.com\/index.php\/wp-json\/wp\/v2\/types\/page"}],"author":[{"embeddable":true,"href":"https:\/\/amapbiorillac.com\/index.php\/wp-json\/wp\/v2\/users\/1"}],"replies":[{"embeddable":true,"href":"https:\/\/amapbiorillac.com\/index.php\/wp-json\/wp\/v2\/comments?post=202"}],"version-history":[{"count":3,"href":"https:\/\/amapbiorillac.com\/index.php\/wp-json\/wp\/v2\/pages\/202\/revisions"}],"predecessor-version":[{"id":248,"href":"https:\/\/amapbiorillac.com\/index.php\/wp-json\/wp\/v2\/pages\/202\/revisions\/248"}],"wp:attachment":[{"href":"https:\/\/amapbiorillac.com\/index.php\/wp-json\/wp\/v2\/media?parent=202"}],"curies":[{"name":"wp","href":"https:\/\/api.w.org\/{rel}","templated":true}]}}