{"id":203,"date":"2026-02-02T09:46:18","date_gmt":"2026-02-02T09:46:18","guid":{"rendered":"https:\/\/amapbiorillac.com\/?page_id=203"},"modified":"2026-02-02T10:49:58","modified_gmt":"2026-02-02T10:49:58","slug":"les-cueillettes-damelie","status":"publish","type":"page","link":"https:\/\/amapbiorillac.com\/index.php\/les-cueillettes-damelie\/","title":{"rendered":"Les cueillettes d&#8217;Am\u00e9lie"},"content":{"rendered":"\t\t<div data-elementor-type=\"wp-page\" data-elementor-id=\"203\" class=\"elementor elementor-203\">\n\t\t\t\t<div class=\"elementor-element elementor-element-2479684 e-flex e-con-boxed e-con e-parent\" data-id=\"2479684\" data-element_type=\"container\" data-e-type=\"container\">\n\t\t\t\t\t<div class=\"e-con-inner\">\n\t\t\t\t<div class=\"elementor-element elementor-element-fb98501 elementor-widget elementor-widget-text-editor\" data-id=\"fb98501\" data-element_type=\"widget\" data-e-type=\"widget\" data-widget_type=\"text-editor.default\">\n\t\t\t\t\t\t\t\t\t<p>C\u2018est au c\u0153ur du massif des volcans d\u2019Auvergne, que Les cueillettes de l\u2019Am\u00e9lie ont&nbsp;vu le jour, au printemps 2012. Les montagnes du Cantal offrent une nature pr\u00e9serv\u00e9e, des&nbsp;paysages vari\u00e9s et une flore d\u2019une diversit\u00e9 et d\u2019une qualit\u00e9 remarquables.<br>C\u2019est dans ce cadre d\u2019exception que je me suis install\u00e9e en tant que productrice \u2013 r\u00e9coltante de plantes aromatiques et m\u00e9dicinales. Je cultive selon des m\u00e9thodes naturelles, en AB, sur des palh\u00e0s (terrasses en pierres s\u00e8ches), \u00e0 700 m\u00e8tres d\u2019altitude, des plantes comme : le coquelicot, la camomille,&nbsp; la bourrache, l\u2019 agastache, la monarde, l\u2019hysope, la sarriette\u2026 Je cueille aussi en montagne, en respectant les stations de chaque esp\u00e8ce, d\u2019autres plantes moins propices \u00e0 la culture : l\u2019asp\u00e9rule, l\u2019aub\u00e9pine, l\u2019arnica, le th\u00e9 d\u2019Aubrac par exemple.<br>Les plantes sont ensuite soigneusement s\u00e9ch\u00e9es, dans un endroit sec, frais et a\u00e9r\u00e9, sur&nbsp;des claies en sapin non trait\u00e9, afin de pr\u00e9server au mieux leurs bienfaits.<\/p>\t\t\t\t\t\t\t\t<\/div>\n\t\t\t\t\t<\/div>\n\t\t\t\t<\/div>\n\t\t<div class=\"elementor-element elementor-element-2430417 e-grid e-con-boxed e-con e-parent\" data-id=\"2430417\" data-element_type=\"container\" data-e-type=\"container\">\n\t\t\t\t\t<div class=\"e-con-inner\">\n\t\t\t\t<div class=\"elementor-element elementor-element-e65a063 elementor-widget elementor-widget-image\" data-id=\"e65a063\" data-element_type=\"widget\" data-e-type=\"widget\" data-widget_type=\"image.default\">\n\t\t\t\t\t\t\t\t\t\t\t\t\t\t\t<img fetchpriority=\"high\" decoding=\"async\" width=\"500\" height=\"500\" src=\"https:\/\/amapbiorillac.com\/wp-content\/uploads\/2026\/02\/amelie-grange-500x500-1.jpg\" class=\"attachment-large size-large wp-image-220\" alt=\"\" srcset=\"https:\/\/amapbiorillac.com\/wp-content\/uploads\/2026\/02\/amelie-grange-500x500-1.jpg 500w, https:\/\/amapbiorillac.com\/wp-content\/uploads\/2026\/02\/amelie-grange-500x500-1-300x300.jpg 300w, https:\/\/amapbiorillac.com\/wp-content\/uploads\/2026\/02\/amelie-grange-500x500-1-150x150.jpg 150w\" sizes=\"(max-width: 500px) 100vw, 500px\" \/>\t\t\t\t\t\t\t\t\t\t\t\t\t\t\t<\/div>\n\t\t\t\t<div class=\"elementor-element elementor-element-f16b08d elementor-widget elementor-widget-image\" data-id=\"f16b08d\" data-element_type=\"widget\" data-e-type=\"widget\" data-widget_type=\"image.default\">\n\t\t\t\t\t\t\t\t\t\t\t\t\t\t\t<img decoding=\"async\" width=\"500\" height=\"500\" src=\"https:\/\/amapbiorillac.com\/wp-content\/uploads\/2026\/02\/puy-griou-500x500-1.jpg\" class=\"attachment-large size-large wp-image-219\" alt=\"\" srcset=\"https:\/\/amapbiorillac.com\/wp-content\/uploads\/2026\/02\/puy-griou-500x500-1.jpg 500w, https:\/\/amapbiorillac.com\/wp-content\/uploads\/2026\/02\/puy-griou-500x500-1-300x300.jpg 300w, https:\/\/amapbiorillac.com\/wp-content\/uploads\/2026\/02\/puy-griou-500x500-1-150x150.jpg 150w\" sizes=\"(max-width: 500px) 100vw, 500px\" \/>\t\t\t\t\t\t\t\t\t\t\t\t\t\t\t<\/div>\n\t\t\t\t<div class=\"elementor-element elementor-element-9d64a16 elementor-widget elementor-widget-image\" data-id=\"9d64a16\" data-element_type=\"widget\" data-e-type=\"widget\" data-widget_type=\"image.default\">\n\t\t\t\t\t\t\t\t\t\t\t\t\t\t\t<img decoding=\"async\" width=\"500\" height=\"500\" src=\"https:\/\/amapbiorillac.com\/wp-content\/uploads\/2026\/02\/cueillette-500x500-1.jpg\" class=\"attachment-large size-large wp-image-218\" alt=\"\" srcset=\"https:\/\/amapbiorillac.com\/wp-content\/uploads\/2026\/02\/cueillette-500x500-1.jpg 500w, https:\/\/amapbiorillac.com\/wp-content\/uploads\/2026\/02\/cueillette-500x500-1-300x300.jpg 300w, https:\/\/amapbiorillac.com\/wp-content\/uploads\/2026\/02\/cueillette-500x500-1-150x150.jpg 150w\" sizes=\"(max-width: 500px) 100vw, 500px\" \/>\t\t\t\t\t\t\t\t\t\t\t\t\t\t\t<\/div>\n\t\t\t\t\t<\/div>\n\t\t\t\t<\/div>\n\t\t<div class=\"elementor-element elementor-element-8894c99 e-con-full e-flex e-con e-parent\" data-id=\"8894c99\" data-element_type=\"container\" data-e-type=\"container\">\n\t\t\t\t<div class=\"elementor-element elementor-element-9a78fbe elementor-widget__width-initial elementor-widget elementor-widget-text-editor\" data-id=\"9a78fbe\" data-element_type=\"widget\" data-e-type=\"widget\" data-widget_type=\"text-editor.default\">\n\t\t\t\t\t\t\t\t\t<div><strong>P\u00e9riodicit\u00e9 : une livraison par mois , voir tous les 2 mois.<\/strong><\/div><div>\u00a0<\/div><div>Tarifs ( or cas exceptionnel):<\/div><div>\u00a0<\/div><div>Infusion: sachets de 30g: 4 ,60 euros<\/div><div>Gemmoth\u00e9rapie, flacons 30ml: 14,80 euros<\/div><div>Alcoolature, flacons 50ml: 13 euros<\/div><div>Hydrolat, flacons 100 ml: 8 euros<\/div><div>Aromates, sachets 25 g : 4,50 euros<\/div>\t\t\t\t\t\t\t\t<\/div>\n\t\t\t\t<\/div>\n\t\t<div class=\"elementor-element elementor-element-9fb1647 e-grid e-con-full e-con e-parent\" data-id=\"9fb1647\" data-element_type=\"container\" data-e-type=\"container\">\n\t\t\t\t<div class=\"elementor-element elementor-element-8201acb elementor-widget elementor-widget-text-editor\" data-id=\"8201acb\" data-element_type=\"widget\" data-e-type=\"widget\" data-widget_type=\"text-editor.default\">\n\t\t\t\t\t\t\t\t\t<p><strong>Les cueillettes de l\u2019Am\u00e9lie<\/strong><br \/><strong>\u00a0\u00a0\u00a0\u00a02 rue Cap del Lioc<\/strong><br \/><strong>\u00a0\u00a0\u00a0\u00a015800 Vic sur C\u00e8re<\/strong><\/p><p><strong>06 51 10 86 25<\/strong><\/p><p><strong>contact@lescueillettesdamelie.com<\/strong><\/p>\t\t\t\t\t\t\t\t<\/div>\n\t\t\t\t<\/div>\n\t\t\t\t<\/div>\n\t\t","protected":false},"excerpt":{"rendered":"<p>C\u2018est au c\u0153ur du massif des volcans d\u2019Auvergne, que Les cueillettes de l\u2019Am\u00e9lie ont&nbsp;vu le jour, au printemps 2012. Les montagnes du Cantal offrent une nature pr\u00e9serv\u00e9e, des&nbsp;paysages vari\u00e9s et une flore d\u2019une diversit\u00e9 et d\u2019une qualit\u00e9 remarquables.C\u2019est dans ce cadre d\u2019exception que je me suis install\u00e9e en tant que productrice \u2013 r\u00e9coltante de plantes [&hellip;]<\/p>\n","protected":false},"author":1,"featured_media":0,"parent":0,"menu_order":0,"comment_status":"closed","ping_status":"closed","template":"","meta":{"footnotes":""},"class_list":["post-203","page","type-page","status-publish","hentry"],"_links":{"self":[{"href":"https:\/\/amapbiorillac.com\/index.php\/wp-json\/wp\/v2\/pages\/203","targetHints":{"allow":["GET"]}}],"collection":[{"href":"https:\/\/amapbiorillac.com\/index.php\/wp-json\/wp\/v2\/pages"}],"about":[{"href":"https:\/\/amapbiorillac.com\/index.php\/wp-json\/wp\/v2\/types\/page"}],"author":[{"embeddable":true,"href":"https:\/\/amapbiorillac.com\/index.php\/wp-json\/wp\/v2\/users\/1"}],"replies":[{"embeddable":true,"href":"https:\/\/amapbiorillac.com\/index.php\/wp-json\/wp\/v2\/comments?post=203"}],"version-history":[{"count":6,"href":"https:\/\/amapbiorillac.com\/index.php\/wp-json\/wp\/v2\/pages\/203\/revisions"}],"predecessor-version":[{"id":254,"href":"https:\/\/amapbiorillac.com\/index.php\/wp-json\/wp\/v2\/pages\/203\/revisions\/254"}],"wp:attachment":[{"href":"https:\/\/amapbiorillac.com\/index.php\/wp-json\/wp\/v2\/media?parent=203"}],"curies":[{"name":"wp","href":"https:\/\/api.w.org\/{rel}","templated":true}]}}