{"id":99,"date":"2026-02-02T11:09:39","date_gmt":"2026-02-02T11:09:39","guid":{"rendered":"https:\/\/amapbiorillac.com\/?page_id=99"},"modified":"2026-02-02T11:16:13","modified_gmt":"2026-02-02T11:16:13","slug":"les-delices-des-ptites-abeilles-isabelle-et-sylvain-giacotti","status":"publish","type":"page","link":"https:\/\/amapbiorillac.com\/index.php\/les-delices-des-ptites-abeilles-isabelle-et-sylvain-giacotti\/","title":{"rendered":"Les d\u00e9lices des p&#8217;tites abeilles &#8211; Isabelle et Sylvain GIACOTTI"},"content":{"rendered":"\t\t<div data-elementor-type=\"wp-page\" data-elementor-id=\"99\" class=\"elementor elementor-99\">\n\t\t\t\t<div class=\"elementor-element elementor-element-59182ce5 e-flex e-con-boxed e-con e-parent\" data-id=\"59182ce5\" data-element_type=\"container\" data-e-type=\"container\">\n\t\t\t\t\t<div class=\"e-con-inner\">\n\t\t\t\t<div class=\"elementor-element elementor-element-2a68dcfa elementor-widget elementor-widget-text-editor\" data-id=\"2a68dcfa\" data-element_type=\"widget\" data-e-type=\"widget\" data-widget_type=\"text-editor.default\">\n\t\t\t\t\t\t\t\t\t\n<figure class=\"wp-block-image size-full is-resized\"><img fetchpriority=\"high\" decoding=\"async\" width=\"768\" height=\"576\" class=\"wp-image-97\" style=\"width: 422px; height: auto;\" src=\"https:\/\/amapbiorillac.com\/wp-content\/uploads\/2025\/09\/DSCN7631-768x576-1.jpg\" alt=\"\" srcset=\"https:\/\/amapbiorillac.com\/wp-content\/uploads\/2025\/09\/DSCN7631-768x576-1.jpg 768w, https:\/\/amapbiorillac.com\/wp-content\/uploads\/2025\/09\/DSCN7631-768x576-1-300x225.jpg 300w\" sizes=\"(max-width: 768px) 100vw, 768px\" \/><\/figure>\n\n<p><em>Les d\u00e9lices des p\u2019tites abeilles<\/em>\u00a0est une petite ferme de montagne, familiale, en agriculture biologique (apiculture, ch\u00e2taignes, plantes aromatiques et petits fruits), bas\u00e9e \u00e0 Leynhac dans le Cantal. Nous nous d\u00e9crivons comme paysans bio.<\/p>\n<p>Sylvain s\u2019est install\u00e9 en 2010 en tant qu\u2019apiculteur professionnel dans le cadre d\u2019une reconversion.<\/p>\n<p>Isabelle, qui dispose d\u2019une formation de phytologue-herboriste, a rejoint la ferme pour d\u00e9velopper la culture et la cueillette de plantes aromatiques et m\u00e9dicinales ainsi que les produits transform\u00e9s. Tous les produits que nous vendons sont con\u00e7us et fabriqu\u00e9s par nos soins.<\/p>\n<p>Nos ruches sont install\u00e9es en zone montagne, essentiellement dans le secteur de la ch\u00e2taigneraie cantalienne, dans des zones de pr\u00e9f\u00e9rence pr\u00e9serv\u00e9es et naturelles ou chez des paysans en agriculture biologique.<\/p>\n\t\t\t\t\t\t\t\t<\/div>\n\t\t\t\t\t<\/div>\n\t\t\t\t<\/div>\n\t\t<div class=\"elementor-element elementor-element-844121b e-flex e-con-boxed e-con e-parent\" data-id=\"844121b\" data-element_type=\"container\" data-e-type=\"container\">\n\t\t\t\t\t<div class=\"e-con-inner\">\n\t\t\t\t<div class=\"elementor-element elementor-element-7a344d0 elementor-widget elementor-widget-text-editor\" data-id=\"7a344d0\" data-element_type=\"widget\" data-e-type=\"widget\" data-widget_type=\"text-editor.default\">\n\t\t\t\t\t\t\t\t\t<p><strong>Isabelle et Sylvain GIACOTTI<\/strong><\/p>\n<p><strong>2 Lestrade<\/strong><\/p>\n<p><strong>15600 LEYNHAC<\/strong><\/p>\n<p><strong>04 71 43 81 52<\/strong><\/p>\n<p><strong>isabelle@lesdelicesdesptitesabeilles.fr<\/strong><\/p>\n<p><strong>sylvain@lesdelicesdesptitesabeilles.fr<\/strong><\/p><p><b>https:\/\/lesdelicesdesptitesabeilles.fr\/<\/b><\/p>\t\t\t\t\t\t\t\t<\/div>\n\t\t\t\t\t<\/div>\n\t\t\t\t<\/div>\n\t\t<div class=\"elementor-element elementor-element-da3e6cf e-grid e-con-full e-con e-parent\" data-id=\"da3e6cf\" data-element_type=\"container\" data-e-type=\"container\">\n\t\t\t\t<div class=\"elementor-element elementor-element-cd7b2d2 elementor-widget elementor-widget-image\" data-id=\"cd7b2d2\" data-element_type=\"widget\" data-e-type=\"widget\" data-widget_type=\"image.default\">\n\t\t\t\t\t\t\t\t\t\t\t\t\t\t\t<img decoding=\"async\" width=\"640\" height=\"480\" src=\"https:\/\/amapbiorillac.com\/wp-content\/uploads\/2026\/02\/506397145_10232981527554321_8475949502571436994_n-1024x768.jpg\" class=\"attachment-large size-large wp-image-263\" alt=\"\" srcset=\"https:\/\/amapbiorillac.com\/wp-content\/uploads\/2026\/02\/506397145_10232981527554321_8475949502571436994_n-1024x768.jpg 1024w, https:\/\/amapbiorillac.com\/wp-content\/uploads\/2026\/02\/506397145_10232981527554321_8475949502571436994_n-300x225.jpg 300w, https:\/\/amapbiorillac.com\/wp-content\/uploads\/2026\/02\/506397145_10232981527554321_8475949502571436994_n-768x576.jpg 768w, https:\/\/amapbiorillac.com\/wp-content\/uploads\/2026\/02\/506397145_10232981527554321_8475949502571436994_n-1536x1152.jpg 1536w, https:\/\/amapbiorillac.com\/wp-content\/uploads\/2026\/02\/506397145_10232981527554321_8475949502571436994_n.jpg 2048w\" sizes=\"(max-width: 640px) 100vw, 640px\" \/>\t\t\t\t\t\t\t\t\t\t\t\t\t\t\t<\/div>\n\t\t\t\t<div class=\"elementor-element elementor-element-a74b4e9 elementor-widget elementor-widget-image\" data-id=\"a74b4e9\" data-element_type=\"widget\" data-e-type=\"widget\" data-widget_type=\"image.default\">\n\t\t\t\t\t\t\t\t\t\t\t\t\t\t\t<img decoding=\"async\" width=\"640\" height=\"851\" src=\"https:\/\/amapbiorillac.com\/wp-content\/uploads\/2026\/02\/507084891_10233034400436110_700798973958144148_n-770x1024.jpg\" class=\"attachment-large size-large wp-image-264\" alt=\"\" srcset=\"https:\/\/amapbiorillac.com\/wp-content\/uploads\/2026\/02\/507084891_10233034400436110_700798973958144148_n-770x1024.jpg 770w, https:\/\/amapbiorillac.com\/wp-content\/uploads\/2026\/02\/507084891_10233034400436110_700798973958144148_n-226x300.jpg 226w, https:\/\/amapbiorillac.com\/wp-content\/uploads\/2026\/02\/507084891_10233034400436110_700798973958144148_n-768x1021.jpg 768w, https:\/\/amapbiorillac.com\/wp-content\/uploads\/2026\/02\/507084891_10233034400436110_700798973958144148_n-1155x1536.jpg 1155w, https:\/\/amapbiorillac.com\/wp-content\/uploads\/2026\/02\/507084891_10233034400436110_700798973958144148_n.jpg 1369w\" sizes=\"(max-width: 640px) 100vw, 640px\" \/>\t\t\t\t\t\t\t\t\t\t\t\t\t\t\t<\/div>\n\t\t\t\t<div class=\"elementor-element elementor-element-3d4d8d6 elementor-widget elementor-widget-image\" data-id=\"3d4d8d6\" data-element_type=\"widget\" data-e-type=\"widget\" data-widget_type=\"image.default\">\n\t\t\t\t\t\t\t\t\t\t\t\t\t\t\t<img loading=\"lazy\" decoding=\"async\" width=\"640\" height=\"853\" src=\"https:\/\/amapbiorillac.com\/wp-content\/uploads\/2026\/02\/DSCN9274-768x1024-1.jpg\" class=\"attachment-large size-large wp-image-265\" alt=\"\" srcset=\"https:\/\/amapbiorillac.com\/wp-content\/uploads\/2026\/02\/DSCN9274-768x1024-1.jpg 768w, https:\/\/amapbiorillac.com\/wp-content\/uploads\/2026\/02\/DSCN9274-768x1024-1-225x300.jpg 225w\" sizes=\"(max-width: 640px) 100vw, 640px\" \/>\t\t\t\t\t\t\t\t\t\t\t\t\t\t\t<\/div>\n\t\t\t\t<\/div>\n\t\t\t\t<\/div>\n\t\t","protected":false},"excerpt":{"rendered":"<p>Les d\u00e9lices des p\u2019tites abeilles\u00a0est une petite ferme de montagne, familiale, en agriculture biologique (apiculture, ch\u00e2taignes, plantes aromatiques et petits fruits), bas\u00e9e \u00e0 Leynhac dans le Cantal. Nous nous d\u00e9crivons comme paysans bio. Sylvain s\u2019est install\u00e9 en 2010 en tant qu\u2019apiculteur professionnel dans le cadre d\u2019une reconversion. Isabelle, qui dispose d\u2019une formation de phytologue-herboriste, a [&hellip;]<\/p>\n","protected":false},"author":1,"featured_media":0,"parent":0,"menu_order":0,"comment_status":"closed","ping_status":"closed","template":"","meta":{"footnotes":""},"class_list":["post-99","page","type-page","status-publish","hentry"],"_links":{"self":[{"href":"https:\/\/amapbiorillac.com\/index.php\/wp-json\/wp\/v2\/pages\/99","targetHints":{"allow":["GET"]}}],"collection":[{"href":"https:\/\/amapbiorillac.com\/index.php\/wp-json\/wp\/v2\/pages"}],"about":[{"href":"https:\/\/amapbiorillac.com\/index.php\/wp-json\/wp\/v2\/types\/page"}],"author":[{"embeddable":true,"href":"https:\/\/amapbiorillac.com\/index.php\/wp-json\/wp\/v2\/users\/1"}],"replies":[{"embeddable":true,"href":"https:\/\/amapbiorillac.com\/index.php\/wp-json\/wp\/v2\/comments?post=99"}],"version-history":[{"count":6,"href":"https:\/\/amapbiorillac.com\/index.php\/wp-json\/wp\/v2\/pages\/99\/revisions"}],"predecessor-version":[{"id":268,"href":"https:\/\/amapbiorillac.com\/index.php\/wp-json\/wp\/v2\/pages\/99\/revisions\/268"}],"wp:attachment":[{"href":"https:\/\/amapbiorillac.com\/index.php\/wp-json\/wp\/v2\/media?parent=99"}],"curies":[{"name":"wp","href":"https:\/\/api.w.org\/{rel}","templated":true}]}}